{"id":1506,"date":"2024-07-15T13:40:43","date_gmt":"2024-07-15T11:40:43","guid":{"rendered":"https:\/\/peenterprise.com\/?page_id=1506"},"modified":"2024-07-22T14:47:17","modified_gmt":"2024-07-22T12:47:17","slug":"politica-de-privacidad","status":"publish","type":"page","link":"https:\/\/peenterprise.com\/en\/politica-de-privacidad\/","title":{"rendered":"Privacy Policy"},"content":{"rendered":"<div data-elementor-type=\"wp-page\" data-elementor-id=\"1506\" class=\"elementor elementor-1506\">\n\t\t\t\t<div class=\"elementor-element elementor-element-65d74120 e-flex e-con-boxed e-con e-parent\" data-id=\"65d74120\" data-element_type=\"container\" data-settings=\"{&quot;jet_parallax_layout_list&quot;:[]}\">\n\t\t\t\t\t<div class=\"e-con-inner\">\n\t\t\t\t<div class=\"elementor-element elementor-element-39d1fb2 elementor-invisible elementor-widget elementor-widget-heading\" data-id=\"39d1fb2\" data-element_type=\"widget\" data-settings=\"{&quot;_animation&quot;:&quot;fadeInLeft&quot;}\" data-widget_type=\"heading.default\">\n\t\t\t\t<div class=\"elementor-widget-container\">\n\t\t\t\t\t<h3 class=\"elementor-heading-title elementor-size-default\">PE ENTERPRISE<\/h3>\t\t\t\t<\/div>\n\t\t\t\t<\/div>\n\t\t\t\t<div class=\"elementor-element elementor-element-1eee6ab elementor-invisible elementor-widget elementor-widget-heading\" data-id=\"1eee6ab\" data-element_type=\"widget\" data-settings=\"{&quot;_animation&quot;:&quot;fadeInRight&quot;}\" data-widget_type=\"heading.default\">\n\t\t\t\t<div class=\"elementor-widget-container\">\n\t\t\t\t\t<h2 class=\"elementor-heading-title elementor-size-default\">PRIVACY POLICY<\/h2>\t\t\t\t<\/div>\n\t\t\t\t<\/div>\n\t\t\t\t<div class=\"elementor-element elementor-element-1f88b558 elementor-widget elementor-widget-text-editor\" data-id=\"1f88b558\" data-element_type=\"widget\" data-widget_type=\"text-editor.default\">\n\t\t\t\t<div class=\"elementor-widget-container\">\n\t\t\t\t\t\t\t\t\t<p><\/p>\n<ol class=\"wp-block-list\">\n<li style=\"list-style-type: none;\">\n<ol><\/ol>\n<\/li>\n<\/ol>\n<h3 style=\"text-align: left;\">Personal Data management<\/h3>\n<p>The Person Responsible of the Treatment of the Personal Data is committed to respect tit confidentiality. In this sense, P.E. Enterprise respects your privacy rights by providing control over your personal data. Users are entitled to exercise rights of accession, rectification, cancellation and opposition under the terms provided for in the applicable Laws and Regulations on personal data protection. These rights may be exercised by sending an email to the following email address: peenterprise@peenteprise.com. \nThe application must contain the following information: name and surnames of the user, address for service, photocopy of the ID document and a request indicating the petition to be processed.\n\nYour personal data will not be sold to third parties under any circumstances.<br \/>Your personal data will not be sold to third parties under any circumstances<\/p>\n<p><\/p>\n<p><\/p>\n<h3 style=\"text-align: left;\">Purpose of the management and storage of the Personal Data<\/h3>\n<p>P.E. Enterprise will treat your personal data for the following purposes:<\/p>\n<ol>\n<li style=\"list-style-type: none;\">\n<ol>\n<li>Development, compliance and execution of sale-contracts of regarding the trademarks managed through the website.<\/li>\n<li>Responding to applications or requests made through the \"Contact\" section available on our website.<\/li>\n<li>Management of CV and participation in selection processes.<\/li>\n<\/ol>\n<\/li>\n<\/ol>\n<p>The personal data will only be stored for the time necessary for carrying out the purpose for which they were collected:<\/p>\n<ol>\n<li style=\"list-style-type: none;\">\n<ol>\n<li>Personal Data obtained for the management of trademarks\u00b4 s sale- contracts will be stored for the duration of the contractual relationship.<\/li>\n<li>Personal Data obtained for the management of any query will be stored during the period necessary for its resolution, and afterwards, for a maximum period of 1 year.<\/li>\n<li>Personal Data obtained in the section \u201cwork with us\u201d will be stored during the duration of the selection process.<\/li>\n<\/ol>\n<\/li>\n<\/ol>\n<p><\/p>\n<p><\/p>\n<h3 style=\"text-align: left;\">Data categories<\/h3>\n<p>In accordance with the aforementioned purposes, P E Enterprise treats the following data categories:<\/p>\n<p>Personal information: Name, surnames, postal address, email address, postal code , telephone number.<\/p>\n<ol>\n<li style=\"list-style-type: none;\">\n<ol>\n<li>Academic and professional data: training\/qualifications, student history, professional experience, membership in professional associations, in the case of selection processes.<\/li>\n<li>Traffic and location data.<br \/>Electronic communications metadata.<\/li>\n<li>Commercial information data.<\/li>\n<li>Economic, financial, and banking data.<\/li>\n<li>The personal data requested are compulsory, so that the refusal to supply them will derive in the impossibility of carrying out the services contracted.<\/li>\n<\/ol>\n<\/li>\n<\/ol>\n<p>The user guarantees that the data provided are true, accurate, complete and updated, being responsible for any damage, direct or indirect, that could be caused as a result of the incompliance of such obligation. In case the user provides data from third parties, he\/she  has the duty of obtaining the consent of the same and agrees to inform of this clause, exempting P.E. Enterprise from any responsibility in this regard. However, P.E. Enterprise may carry out controls to verify this fact, taking the appropriate due diligence measures, according to the Data protection regulations.<\/p>\n<p><\/p>\n<p><\/p>\n<h3 style=\"text-align: left;\">User rights<\/h3>\n<p>Users are entitled to exercise rights of accession, rectification, cancellation and opposition under the terms provided for in the applicable Laws and Regulations on personal data protection. These rights may be exercised by sending an email to the following email address: peenterprise@peenteprise.com.<br \/>The application must contain the following information: name and surnames of the user, address for service, photocopy of the ID document and a request indicating the petition to be processed.<\/p>\n<p><\/p>\n<p><\/p>\n<h3 style=\"text-align: left;\">Transfer of rights to third parties<\/h3>\n<p>Your personal data <strong>will not be sold to third parties under any circumstances and will only be transferred to trusted third parties to provide the requested service.<\/strong>Only the information necessary to perform the service will be provided, requiring the non-use of your personal data for any other purpose.<\/p>\n<p><\/p>\n<p><\/p>\t\t\t\t\t\t\t\t<\/div>\n\t\t\t\t<\/div>\n\t\t\t\t\t<\/div>\n\t\t\t\t<\/div>\n\t\t\t\t<\/div>","protected":false},"excerpt":{"rendered":"<p>PE ENTERPRISE POL\u00cdTICA DE PRIVACIDAD<\/p>","protected":false},"author":1,"featured_media":0,"parent":0,"menu_order":0,"comment_status":"closed","ping_status":"closed","template":"elementor_theme","meta":{"footnotes":""},"class_list":["post-1506","page","type-page","status-publish","hentry"],"yoast_head":"<!-- This site is optimized with the Yoast SEO plugin v25.2 - https:\/\/yoast.com\/wordpress\/plugins\/seo\/ -->\n<title>Pol\u00edtica de Privacidad &#8226; PEenterprise - Propiedad Industrial e Intelectual, Servicios Jur\u00eddicos en Bilbao<\/title>\n<meta name=\"robots\" content=\"index, follow, max-snippet:-1, max-image-preview:large, max-video-preview:-1\" \/>\n<link rel=\"canonical\" href=\"https:\/\/peenterprise.com\/en\/politica-de-privacidad\/\" \/>\n<meta property=\"og:locale\" content=\"en_GB\" \/>\n<meta property=\"og:type\" content=\"article\" \/>\n<meta property=\"og:title\" content=\"Pol\u00edtica de Privacidad &#8226; PEenterprise - Propiedad Industrial e Intelectual, Servicios Jur\u00eddicos en Bilbao\" \/>\n<meta property=\"og:description\" content=\"PE ENTERPRISE POL\u00cdTICA DE PRIVACIDAD\" \/>\n<meta property=\"og:url\" content=\"https:\/\/peenterprise.com\/en\/politica-de-privacidad\/\" \/>\n<meta property=\"og:site_name\" content=\"PEenterprise - Propiedad Industrial e Intelectual, Servicios Jur\u00eddicos en Bilbao\" \/>\n<meta property=\"article:modified_time\" content=\"2024-07-22T12:47:17+00:00\" \/>\n<meta name=\"twitter:card\" content=\"summary_large_image\" \/>\n<meta name=\"twitter:label1\" content=\"Estimated reading time\" \/>\n\t<meta name=\"twitter:data1\" content=\"3 minutes\" \/>\n<script type=\"application\/ld+json\" class=\"yoast-schema-graph\">{\"@context\":\"https:\/\/schema.org\",\"@graph\":[{\"@type\":\"WebPage\",\"@id\":\"https:\/\/peenterprise.com\/politica-de-privacidad\/\",\"url\":\"https:\/\/peenterprise.com\/politica-de-privacidad\/\",\"name\":\"Pol\u00edtica de Privacidad &#8226; PEenterprise - Propiedad Industrial e Intelectual, Servicios Jur\u00eddicos en Bilbao\",\"isPartOf\":{\"@id\":\"https:\/\/peenterprise.com\/#website\"},\"datePublished\":\"2024-07-15T11:40:43+00:00\",\"dateModified\":\"2024-07-22T12:47:17+00:00\",\"breadcrumb\":{\"@id\":\"https:\/\/peenterprise.com\/politica-de-privacidad\/#breadcrumb\"},\"inLanguage\":\"en-GB\",\"potentialAction\":[{\"@type\":\"ReadAction\",\"target\":[\"https:\/\/peenterprise.com\/politica-de-privacidad\/\"]}]},{\"@type\":\"BreadcrumbList\",\"@id\":\"https:\/\/peenterprise.com\/politica-de-privacidad\/#breadcrumb\",\"itemListElement\":[{\"@type\":\"ListItem\",\"position\":1,\"name\":\"Portada\",\"item\":\"https:\/\/peenterprise.com\/\"},{\"@type\":\"ListItem\",\"position\":2,\"name\":\"Pol\u00edtica de Privacidad\"}]},{\"@type\":\"WebSite\",\"@id\":\"https:\/\/peenterprise.com\/#website\",\"url\":\"https:\/\/peenterprise.com\/\",\"name\":\"PEenterprise - Propiedad Industrial e Intelectual, Servicios Jur\u00eddicos.\",\"description\":\"Propiedad Industrial e Intelectual, Servicios Jur\u00eddicos en Bilbao\",\"publisher\":{\"@id\":\"https:\/\/peenterprise.com\/#organization\"},\"potentialAction\":[{\"@type\":\"SearchAction\",\"target\":{\"@type\":\"EntryPoint\",\"urlTemplate\":\"https:\/\/peenterprise.com\/?s={search_term_string}\"},\"query-input\":{\"@type\":\"PropertyValueSpecification\",\"valueRequired\":true,\"valueName\":\"search_term_string\"}}],\"inLanguage\":\"en-GB\"},{\"@type\":\"Organization\",\"@id\":\"https:\/\/peenterprise.com\/#organization\",\"name\":\"PEenterprise\",\"url\":\"https:\/\/peenterprise.com\/\",\"logo\":{\"@type\":\"ImageObject\",\"inLanguage\":\"en-GB\",\"@id\":\"https:\/\/peenterprise.com\/#\/schema\/logo\/image\/\",\"url\":\"https:\/\/peenterprise.com\/wp-content\/uploads\/2020\/06\/favicon-pee24.jpg\",\"contentUrl\":\"https:\/\/peenterprise.com\/wp-content\/uploads\/2020\/06\/favicon-pee24.jpg\",\"width\":512,\"height\":512,\"caption\":\"PEenterprise\"},\"image\":{\"@id\":\"https:\/\/peenterprise.com\/#\/schema\/logo\/image\/\"}}]}<\/script>\n<!-- \/ Yoast SEO plugin. -->","yoast_head_json":{"title":"Pol\u00edtica de Privacidad &#8226; PEenterprise - Propiedad Industrial e Intelectual, Servicios Jur\u00eddicos en Bilbao","robots":{"index":"index","follow":"follow","max-snippet":"max-snippet:-1","max-image-preview":"max-image-preview:large","max-video-preview":"max-video-preview:-1"},"canonical":"https:\/\/peenterprise.com\/en\/politica-de-privacidad\/","og_locale":"en_GB","og_type":"article","og_title":"Pol\u00edtica de Privacidad &#8226; PEenterprise - Propiedad Industrial e Intelectual, Servicios Jur\u00eddicos en Bilbao","og_description":"PE ENTERPRISE POL\u00cdTICA DE PRIVACIDAD","og_url":"https:\/\/peenterprise.com\/en\/politica-de-privacidad\/","og_site_name":"PEenterprise - Propiedad Industrial e Intelectual, Servicios Jur\u00eddicos en Bilbao","article_modified_time":"2024-07-22T12:47:17+00:00","twitter_card":"summary_large_image","twitter_misc":{"Estimated reading time":"3 minutes"},"schema":{"@context":"https:\/\/schema.org","@graph":[{"@type":"WebPage","@id":"https:\/\/peenterprise.com\/politica-de-privacidad\/","url":"https:\/\/peenterprise.com\/politica-de-privacidad\/","name":"Pol\u00edtica de Privacidad &#8226; PEenterprise - Propiedad Industrial e Intelectual, Servicios Jur\u00eddicos en Bilbao","isPartOf":{"@id":"https:\/\/peenterprise.com\/#website"},"datePublished":"2024-07-15T11:40:43+00:00","dateModified":"2024-07-22T12:47:17+00:00","breadcrumb":{"@id":"https:\/\/peenterprise.com\/politica-de-privacidad\/#breadcrumb"},"inLanguage":"en-GB","potentialAction":[{"@type":"ReadAction","target":["https:\/\/peenterprise.com\/politica-de-privacidad\/"]}]},{"@type":"BreadcrumbList","@id":"https:\/\/peenterprise.com\/politica-de-privacidad\/#breadcrumb","itemListElement":[{"@type":"ListItem","position":1,"name":"Portada","item":"https:\/\/peenterprise.com\/"},{"@type":"ListItem","position":2,"name":"Pol\u00edtica de Privacidad"}]},{"@type":"WebSite","@id":"https:\/\/peenterprise.com\/#website","url":"https:\/\/peenterprise.com\/","name":"PEenterprise - Propiedad Industrial e Intelectual, Servicios Jur\u00eddicos.","description":"Propiedad Industrial e Intelectual, Servicios Jur\u00eddicos en Bilbao","publisher":{"@id":"https:\/\/peenterprise.com\/#organization"},"potentialAction":[{"@type":"SearchAction","target":{"@type":"EntryPoint","urlTemplate":"https:\/\/peenterprise.com\/?s={search_term_string}"},"query-input":{"@type":"PropertyValueSpecification","valueRequired":true,"valueName":"search_term_string"}}],"inLanguage":"en-GB"},{"@type":"Organization","@id":"https:\/\/peenterprise.com\/#organization","name":"PEenterprise","url":"https:\/\/peenterprise.com\/","logo":{"@type":"ImageObject","inLanguage":"en-GB","@id":"https:\/\/peenterprise.com\/#\/schema\/logo\/image\/","url":"https:\/\/peenterprise.com\/wp-content\/uploads\/2020\/06\/favicon-pee24.jpg","contentUrl":"https:\/\/peenterprise.com\/wp-content\/uploads\/2020\/06\/favicon-pee24.jpg","width":512,"height":512,"caption":"PEenterprise"},"image":{"@id":"https:\/\/peenterprise.com\/#\/schema\/logo\/image\/"}}]}},"_links":{"self":[{"href":"https:\/\/peenterprise.com\/en\/wp-json\/wp\/v2\/pages\/1506","targetHints":{"allow":["GET"]}}],"collection":[{"href":"https:\/\/peenterprise.com\/en\/wp-json\/wp\/v2\/pages"}],"about":[{"href":"https:\/\/peenterprise.com\/en\/wp-json\/wp\/v2\/types\/page"}],"author":[{"embeddable":true,"href":"https:\/\/peenterprise.com\/en\/wp-json\/wp\/v2\/users\/1"}],"replies":[{"embeddable":true,"href":"https:\/\/peenterprise.com\/en\/wp-json\/wp\/v2\/comments?post=1506"}],"version-history":[{"count":10,"href":"https:\/\/peenterprise.com\/en\/wp-json\/wp\/v2\/pages\/1506\/revisions"}],"predecessor-version":[{"id":1830,"href":"https:\/\/peenterprise.com\/en\/wp-json\/wp\/v2\/pages\/1506\/revisions\/1830"}],"wp:attachment":[{"href":"https:\/\/peenterprise.com\/en\/wp-json\/wp\/v2\/media?parent=1506"}],"curies":[{"name":"wp","href":"https:\/\/api.w.org\/{rel}","templated":true}]}}